{"id":5,"date":"2016-04-04T12:55:02","date_gmt":"2016-04-04T12:55:02","guid":{"rendered":"http:\/\/thorvegasjarvis.wordpress.com\/?page_id=1"},"modified":"2016-08-30T12:46:05","modified_gmt":"2016-08-30T10:46:05","slug":"contact","status":"publish","type":"page","link":"https:\/\/latelierdemat.com\/?page_id=5","title":{"rendered":"Contact"},"content":{"rendered":"<div id=\"pl-5\"  class=\"panel-layout\" ><div id=\"pg-5-0\"  class=\"panel-grid panel-no-style\" ><div id=\"pgc-5-0-0\"  class=\"panel-grid-cell\" ><div id=\"panel-5-0-0-0\" class=\"so-panel widget_text panel-first-child\" data-index=\"0\" >\t\t\t<div class=\"textwidget\"><h2 class=\"sectionbar-title\" >\n<center>Contact<\/center>\n<\/h2 ><\/div>\n\t\t<\/div><div id=\"panel-5-0-0-1\" class=\"so-panel widget_sow-editor\" data-index=\"1\" ><div\n\t\t\t\n\t\t\tclass=\"so-widget-sow-editor so-widget-sow-editor-base\"\n\t\t\t\n\t\t>\n<div class=\"siteorigin-widget-tinymce textwidget\">\n\t<p>Bonjour,<\/p>\n<p>Vous pouvez me contacter facilement\u00a0en remplissant\u00a0le formulaire ci dessous.<\/p>\n<p>Mat<\/p>\n<\/div>\n<\/div><\/div><div id=\"panel-5-0-0-2\" class=\"so-panel widget_wpforms-widget wpforms-widget panel-last-child\" data-index=\"2\" ><div class=\"wpforms-container wpforms-container-full\" id=\"wpforms-1342\"><form id=\"wpforms-form-1342\" class=\"wpforms-validate wpforms-form\" data-formid=\"1342\" method=\"post\" enctype=\"multipart\/form-data\" action=\"\/index.php?rest_route=%2Fwp%2Fv2%2Fpages%2F5\" data-token=\"a68571a14bce5a4fda44e631b291edab\"><noscript class=\"wpforms-error-noscript\">Veuillez activer JavaScript dans votre navigateur pour remplir ce formulaire.<\/noscript><div class=\"wpforms-field-container\"><div id=\"wpforms-1342-field_0-container\" class=\"wpforms-field wpforms-field-name\" data-field-id=\"0\"><label class=\"wpforms-field-label\" for=\"wpforms-1342-field_0\">Nom <span class=\"wpforms-required-label\">*<\/span><\/label><div class=\"wpforms-field-row wpforms-field-medium\"><div class=\"wpforms-field-row-block wpforms-first wpforms-one-half\"><input type=\"text\" id=\"wpforms-1342-field_0\" class=\"wpforms-field-name-first wpforms-field-required\" name=\"wpforms[fields][0][first]\" required><label for=\"wpforms-1342-field_0\" class=\"wpforms-field-sublabel after \">Pr\u00e9nom<\/label><\/div><div class=\"wpforms-field-row-block wpforms-one-half\"><input type=\"text\" id=\"wpforms-1342-field_0-last\" class=\"wpforms-field-name-last wpforms-field-required\" name=\"wpforms[fields][0][last]\" required><label for=\"wpforms-1342-field_0-last\" class=\"wpforms-field-sublabel after \">Nom<\/label><\/div><\/div><\/div><div id=\"wpforms-1342-field_1-container\" class=\"wpforms-field wpforms-field-email\" data-field-id=\"1\"><label class=\"wpforms-field-label\" for=\"wpforms-1342-field_1\">E-mail <span class=\"wpforms-required-label\">*<\/span><\/label><input type=\"email\" id=\"wpforms-1342-field_1\" class=\"wpforms-field-medium wpforms-field-required\" name=\"wpforms[fields][1]\" spellcheck=\"false\" required><\/div><div id=\"wpforms-1342-field_2-container\" class=\"wpforms-field wpforms-field-textarea\" data-field-id=\"2\"><label class=\"wpforms-field-label\" for=\"wpforms-1342-field_2\">Message <span class=\"wpforms-required-label\">*<\/span><\/label><textarea id=\"wpforms-1342-field_2\" class=\"wpforms-field-medium wpforms-field-required\" name=\"wpforms[fields][2]\" required><\/textarea><\/div><\/div><!-- .wpforms-field-container --><div class=\"wpforms-field wpforms-field-hp\"><label for=\"wpforms-1342-field-hp\" class=\"wpforms-field-label\">Email<\/label><input type=\"text\" name=\"wpforms[hp]\" id=\"wpforms-1342-field-hp\" class=\"wpforms-field-medium\"><\/div><div class=\"wpforms-submit-container\" ><input type=\"hidden\" name=\"wpforms[id]\" value=\"1342\"><input type=\"hidden\" name=\"wpforms[author]\" value=\"2\"><button type=\"submit\" name=\"wpforms[submit]\" id=\"wpforms-submit-1342\" class=\"wpforms-submit\" aria-live=\"assertive\" value=\"wpforms-submit\">Envoyer<\/button><\/div><\/form><\/div>  <!-- .wpforms-container --><\/div><\/div><\/div><\/div>","protected":false},"excerpt":{"rendered":"<p>Contact Bonjour, Vous pouvez me contacter facilement\u00a0en remplissant\u00a0le formulaire ci dessous. Mat<\/p>\n","protected":false},"author":2,"featured_media":0,"parent":0,"menu_order":0,"comment_status":"open","ping_status":"open","template":"","meta":{"_mi_skip_tracking":false,"_monsterinsights_sitenote_active":false,"_monsterinsights_sitenote_note":"","_monsterinsights_sitenote_category":0,"spay_email":""},"yoast_head":"<!-- This site is optimized with the Yoast SEO plugin v18.3 - https:\/\/yoast.com\/wordpress\/plugins\/seo\/ -->\n<title>Formulaire de contact du site l&#039;Atelier de Mat<\/title>\n<meta name=\"description\" content=\"Utilisez ce formulaire pour me contacter sur le blog l&#039;Atelier de Mat\" \/>\n<meta name=\"robots\" content=\"index, follow, max-snippet:-1, max-image-preview:large, max-video-preview:-1\" \/>\n<link rel=\"canonical\" href=\"https:\/\/latelierdemat.com\/?page_id=5\" \/>\n<meta property=\"og:locale\" content=\"fr_FR\" \/>\n<meta property=\"og:type\" content=\"article\" \/>\n<meta property=\"og:title\" content=\"Formulaire de contact du site l&#039;Atelier de Mat\" \/>\n<meta property=\"og:description\" content=\"Utilisez ce formulaire pour me contacter sur le blog l&#039;Atelier de Mat\" \/>\n<meta property=\"og:url\" content=\"https:\/\/latelierdemat.com\/?page_id=5\" \/>\n<meta property=\"og:site_name\" content=\"L&#039;atelier de Mat\" \/>\n<meta property=\"article:publisher\" content=\"http:\/\/facebook.com\/latelierdemat\" \/>\n<meta property=\"article:modified_time\" content=\"2016-08-30T10:46:05+00:00\" \/>\n<meta property=\"og:image\" content=\"https:\/\/latelierdemat.com\/wp-content\/uploads\/2017\/01\/Logo-rond.png\" \/>\n\t<meta property=\"og:image:width\" content=\"200\" \/>\n\t<meta property=\"og:image:height\" content=\"200\" \/>\n\t<meta property=\"og:image:type\" content=\"image\/png\" \/>\n<meta name=\"twitter:card\" content=\"summary\" \/>\n<meta name=\"twitter:site\" content=\"@latelierdemat\" \/>\n<script type=\"application\/ld+json\" class=\"yoast-schema-graph\">{\"@context\":\"https:\/\/schema.org\",\"@graph\":[{\"@type\":\"WebSite\",\"@id\":\"https:\/\/latelierdemat.com\/#website\",\"url\":\"https:\/\/latelierdemat.com\/\",\"name\":\"L&#039;atelier de Mat\",\"description\":\"#r\u00e9cup\u00e9rer #restaurer #r\u00e9inventer\",\"potentialAction\":[{\"@type\":\"SearchAction\",\"target\":{\"@type\":\"EntryPoint\",\"urlTemplate\":\"https:\/\/latelierdemat.com\/?s={search_term_string}\"},\"query-input\":\"required name=search_term_string\"}],\"inLanguage\":\"fr-FR\"},{\"@type\":\"WebPage\",\"@id\":\"https:\/\/latelierdemat.com\/?page_id=5#webpage\",\"url\":\"https:\/\/latelierdemat.com\/?page_id=5\",\"name\":\"Formulaire de contact du site l&#039;Atelier de Mat\",\"isPartOf\":{\"@id\":\"https:\/\/latelierdemat.com\/#website\"},\"datePublished\":\"2016-04-04T12:55:02+00:00\",\"dateModified\":\"2016-08-30T10:46:05+00:00\",\"description\":\"Utilisez ce formulaire pour me contacter sur le blog l&#039;Atelier de Mat\",\"breadcrumb\":{\"@id\":\"https:\/\/latelierdemat.com\/?page_id=5#breadcrumb\"},\"inLanguage\":\"fr-FR\",\"potentialAction\":[{\"@type\":\"ReadAction\",\"target\":[\"https:\/\/latelierdemat.com\/?page_id=5\"]}]},{\"@type\":\"BreadcrumbList\",\"@id\":\"https:\/\/latelierdemat.com\/?page_id=5#breadcrumb\",\"itemListElement\":[{\"@type\":\"ListItem\",\"position\":1,\"name\":\"Accueil\",\"item\":\"https:\/\/latelierdemat.com\/\"},{\"@type\":\"ListItem\",\"position\":2,\"name\":\"Contact\"}]}]}<\/script>\n<!-- \/ Yoast SEO plugin. -->","yoast_head_json":{"title":"Formulaire de contact du site l&#039;Atelier de Mat","description":"Utilisez ce formulaire pour me contacter sur le blog l&#039;Atelier de Mat","robots":{"index":"index","follow":"follow","max-snippet":"max-snippet:-1","max-image-preview":"max-image-preview:large","max-video-preview":"max-video-preview:-1"},"canonical":"https:\/\/latelierdemat.com\/?page_id=5","og_locale":"fr_FR","og_type":"article","og_title":"Formulaire de contact du site l&#039;Atelier de Mat","og_description":"Utilisez ce formulaire pour me contacter sur le blog l&#039;Atelier de Mat","og_url":"https:\/\/latelierdemat.com\/?page_id=5","og_site_name":"L&#039;atelier de Mat","article_publisher":"http:\/\/facebook.com\/latelierdemat","article_modified_time":"2016-08-30T10:46:05+00:00","og_image":[{"width":200,"height":200,"url":"https:\/\/latelierdemat.com\/wp-content\/uploads\/2017\/01\/Logo-rond.png","type":"image\/png"}],"twitter_card":"summary","twitter_site":"@latelierdemat","schema":{"@context":"https:\/\/schema.org","@graph":[{"@type":"WebSite","@id":"https:\/\/latelierdemat.com\/#website","url":"https:\/\/latelierdemat.com\/","name":"L&#039;atelier de Mat","description":"#r\u00e9cup\u00e9rer #restaurer #r\u00e9inventer","potentialAction":[{"@type":"SearchAction","target":{"@type":"EntryPoint","urlTemplate":"https:\/\/latelierdemat.com\/?s={search_term_string}"},"query-input":"required name=search_term_string"}],"inLanguage":"fr-FR"},{"@type":"WebPage","@id":"https:\/\/latelierdemat.com\/?page_id=5#webpage","url":"https:\/\/latelierdemat.com\/?page_id=5","name":"Formulaire de contact du site l&#039;Atelier de Mat","isPartOf":{"@id":"https:\/\/latelierdemat.com\/#website"},"datePublished":"2016-04-04T12:55:02+00:00","dateModified":"2016-08-30T10:46:05+00:00","description":"Utilisez ce formulaire pour me contacter sur le blog l&#039;Atelier de Mat","breadcrumb":{"@id":"https:\/\/latelierdemat.com\/?page_id=5#breadcrumb"},"inLanguage":"fr-FR","potentialAction":[{"@type":"ReadAction","target":["https:\/\/latelierdemat.com\/?page_id=5"]}]},{"@type":"BreadcrumbList","@id":"https:\/\/latelierdemat.com\/?page_id=5#breadcrumb","itemListElement":[{"@type":"ListItem","position":1,"name":"Accueil","item":"https:\/\/latelierdemat.com\/"},{"@type":"ListItem","position":2,"name":"Contact"}]}]}},"jetpack-related-posts":[],"jetpack_likes_enabled":true,"_links":{"self":[{"href":"https:\/\/latelierdemat.com\/index.php?rest_route=\/wp\/v2\/pages\/5"}],"collection":[{"href":"https:\/\/latelierdemat.com\/index.php?rest_route=\/wp\/v2\/pages"}],"about":[{"href":"https:\/\/latelierdemat.com\/index.php?rest_route=\/wp\/v2\/types\/page"}],"author":[{"embeddable":true,"href":"https:\/\/latelierdemat.com\/index.php?rest_route=\/wp\/v2\/users\/2"}],"replies":[{"embeddable":true,"href":"https:\/\/latelierdemat.com\/index.php?rest_route=%2Fwp%2Fv2%2Fcomments&post=5"}],"version-history":[{"count":2,"href":"https:\/\/latelierdemat.com\/index.php?rest_route=\/wp\/v2\/pages\/5\/revisions"}],"predecessor-version":[{"id":1344,"href":"https:\/\/latelierdemat.com\/index.php?rest_route=\/wp\/v2\/pages\/5\/revisions\/1344"}],"wp:attachment":[{"href":"https:\/\/latelierdemat.com\/index.php?rest_route=%2Fwp%2Fv2%2Fmedia&parent=5"}],"curies":[{"name":"wp","href":"https:\/\/api.w.org\/{rel}","templated":true}]}}